
{"id":110707,"date":"2018-03-05T04:03:00","date_gmt":"2018-03-05T09:03:00","guid":{"rendered":"https:\/\/oncubanews.com\/en\/?page_id=110707"},"modified":"2018-10-01T19:32:02","modified_gmt":"2018-10-01T23:32:02","slug":"terms-of-use","status":"publish","type":"page","link":"https:\/\/oncubanews.com\/en\/terms-of-use\/","title":{"rendered":"Terms of use"},"content":{"rendered":"<p><strong>T\u00c9RMINOS DE USO ONCUBA<\/strong><\/p>\n<p><strong>DERECHO DE PROPIEDAD<\/strong><br \/>\nOnCuba es la titular de los derechos sobre los t\u00edtulos, los contenidos, los datos , materiales , dise\u00f1o y estructura del Sitio, incluyendo, adem\u00e1s, derechos de autor, derechos de marca, derechos de patente, y cualquier otra propiedad intelectual. El uso del Sitio no le otorga al usuario, propiedad sobre ninguno de los contenidos o materiales a los que pueda acceder a trav\u00e9s de este. Los Elementos del Sitio est\u00e1n protegidos por leyes nacionales e internacionales, incluyendo derechos de autor, marcas registradas, marcas comerciales y otras leyes de propiedad intelectual. Cualquier Contenido descargado por Usted (independientemente de que dicha descarga haya sido autorizada o no) no transfiere ning\u00fan derecho, t\u00edtulo o inter\u00e9s sobre dicho Contenido ni ning\u00fan derecho de propiedad intelectual sobre este. Todos los derechos, t\u00edtulos e intereses sobre dicho Contenido ser\u00e1n propiedad exclusiva de OnCuba y \/ o sus licenciantes.<br \/>\nUSO<br \/>\nCualquier distribuci\u00f3n, publicaci\u00f3n o promoci\u00f3n del Sitio, o de cualquiera de los contenidos, materiales o datos en este, est\u00e1 estrictamente prohibido, a menos que el usuario acredite debidamente a OnCuba como fuente. El usuario podr\u00e1 descargar, publicar, informar, reproducir, transmitir, difundir, crear trabajos derivados siempre y cuando se ajuste al cumplimiento del derecho de autor. El usuario se obliga adem\u00e1s a no alterar, editar, borrar, quitar, o de cualquier manera cambiar el significado, la apariencia, as\u00ed como cambiar el prop\u00f3sito de cualquiera de los contenidos, materiales o datos disponibles a trav\u00e9s del Sitio, incluyendo, sin limitaci\u00f3n, la alteraci\u00f3n o retiro de cualquier marca comercial, logo, marca de servicios o cualquier otro contenido de propiedad intelectual. Por otra parte, el usuario reconoce que no adquiere ning\u00fan derecho de propiedad al descargar cualquier material con derechos de autor a trav\u00e9s del Sitio. Si el usuario hace otro uso de este, de los contenidos, datos o materiales que ah\u00ed se encuentren o que est\u00e9n disponibles a trav\u00e9s del Sitio, a no ser como se ha estipulado anteriormente, puede violar las leyes de derechos de autor y puede ser sujeto a responsabilidad legal por dicho uso no autorizado.<\/p>\n<p><strong>ENLACES A OTROS SITIOS WEB<\/strong><br \/>\nNuestro Servicio puede contener enlaces a sitios web o servicios de terceros que no son propiedad ni son controlados por OnCuba.<br \/>\nOnCuba no tiene ning\u00fan control sobre, ni asume ninguna responsabilidad por el contenido, las pol\u00edticas de privacidad o las pr\u00e1cticas de los sitios web o servicios de terceros. Adem\u00e1s, usted reconoce y acepta que OnCuba no ser\u00e1 responsable, directa o indirectamente, por cualquier da\u00f1o o p\u00e9rdida causada o supuestamente causada por o en conexi\u00f3n con el uso o confianza en dichos contenidos, bienes o servicios disponibles en o A trav\u00e9s de dichos sitios web o servicios.<\/p>\n<p><strong>EXONERACI\u00d3N DE RESPONSABILIDAD<\/strong><br \/>\nEl usuario de este Sitio libera a OnCuba de toda responsabilidad, por cualquier p\u00e9rdida, da\u00f1o, gasto o costo, incluyendo honorarios de abogados, derivados de la violaci\u00f3n de cualesquiera leyes relacionadas con el Sitio y con las Condiciones Generales de Uso, Pol\u00edticas y T\u00e9rminos Legales del mismo.<\/p>\n<p><strong>LEY APLICABLE<\/strong><br \/>\nLas condiciones de uso y pol\u00edticas de este Portal, se interpretar\u00e1n en todas sus partes por las leyes de Los Estados Unidos y Cuba.<br \/>\nDOMICILIO LEGAL<br \/>\nPara todos los efectos legales derivados del uso de este Sitio, se elige como domicilio a Estados Unidos, a la Jurisdicci\u00f3n de cuyos tribunales declaran las partes someterse.<\/p>\n","protected":false},"excerpt":{"rendered":"<p>T\u00c9RMINOS DE USO ONCUBA DERECHO DE PROPIEDAD OnCuba es la titular de los derechos sobre los t\u00edtulos, los contenidos, los datos , materiales , dise\u00f1o y estructura del Sitio, incluyendo, adem\u00e1s, derechos de autor, derechos de marca, derechos de patente, y cualquier otra propiedad intelectual. El uso del Sitio no le otorga al usuario, propiedad [&hellip;]<\/p>\n","protected":false},"author":3546,"featured_media":0,"parent":0,"menu_order":21,"comment_status":"closed","ping_status":"closed","template":"page-terms.php","meta":{"_acf_changed":false,"footnotes":""},"class_list":["post-110707","page","type-page","status-publish","hentry"],"acf":[],"yoast_head":"<!-- This site is optimized with the Yoast SEO plugin v27.3 - https:\/\/yoast.com\/product\/yoast-seo-wordpress\/ -->\n<title>Terms of use | OnCubaNews English<\/title>\n<meta name=\"robots\" content=\"index, follow, max-snippet:-1, max-image-preview:large, max-video-preview:-1\" \/>\n<link rel=\"canonical\" href=\"https:\/\/oncubanews.com\/en\/terms-of-use\/\" \/>\n<meta property=\"og:locale\" content=\"en_US\" \/>\n<meta property=\"og:type\" content=\"article\" \/>\n<meta property=\"og:title\" content=\"Terms of use | OnCubaNews English\" \/>\n<meta property=\"og:description\" content=\"T\u00c9RMINOS DE USO ONCUBA DERECHO DE PROPIEDAD OnCuba es la titular de los derechos sobre los t\u00edtulos, los contenidos, los datos , materiales , dise\u00f1o y estructura del Sitio, incluyendo, adem\u00e1s, derechos de autor, derechos de marca, derechos de patente, y cualquier otra propiedad intelectual. El uso del Sitio no le otorga al usuario, propiedad [&hellip;]\" \/>\n<meta property=\"og:url\" content=\"https:\/\/oncubanews.com\/en\/terms-of-use\/\" \/>\n<meta property=\"og:site_name\" content=\"OnCubaNews English\" \/>\n<meta property=\"article:modified_time\" content=\"2018-10-01T23:32:02+00:00\" \/>\n<meta name=\"twitter:card\" content=\"summary_large_image\" \/>\n<meta name=\"twitter:label1\" content=\"Est. reading time\" \/>\n\t<meta name=\"twitter:data1\" content=\"3 minutes\" \/>\n<script type=\"application\/ld+json\" class=\"yoast-schema-graph\">{\"@context\":\"https:\\\/\\\/schema.org\",\"@graph\":[{\"@type\":\"WebPage\",\"@id\":\"https:\\\/\\\/oncubanews.com\\\/en\\\/terms-of-use\\\/\",\"url\":\"https:\\\/\\\/oncubanews.com\\\/en\\\/terms-of-use\\\/\",\"name\":\"Terms of use | OnCubaNews English\",\"isPartOf\":{\"@id\":\"https:\\\/\\\/oncubanews.com\\\/en\\\/#website\"},\"datePublished\":\"2018-03-05T09:03:00+00:00\",\"dateModified\":\"2018-10-01T23:32:02+00:00\",\"breadcrumb\":{\"@id\":\"https:\\\/\\\/oncubanews.com\\\/en\\\/terms-of-use\\\/#breadcrumb\"},\"inLanguage\":\"en-US\",\"potentialAction\":[{\"@type\":\"ReadAction\",\"target\":[\"https:\\\/\\\/oncubanews.com\\\/en\\\/terms-of-use\\\/\"]}]},{\"@type\":\"BreadcrumbList\",\"@id\":\"https:\\\/\\\/oncubanews.com\\\/en\\\/terms-of-use\\\/#breadcrumb\",\"itemListElement\":[{\"@type\":\"ListItem\",\"position\":1,\"name\":\"Portada\",\"item\":\"https:\\\/\\\/oncubanews.com\\\/en\\\/\"},{\"@type\":\"ListItem\",\"position\":2,\"name\":\"Terms of use\"}]},{\"@type\":\"WebSite\",\"@id\":\"https:\\\/\\\/oncubanews.com\\\/en\\\/#website\",\"url\":\"https:\\\/\\\/oncubanews.com\\\/en\\\/\",\"name\":\"OnCubaNews English\",\"description\":\"Revista sobre Cuba\",\"potentialAction\":[{\"@type\":\"SearchAction\",\"target\":{\"@type\":\"EntryPoint\",\"urlTemplate\":\"https:\\\/\\\/oncubanews.com\\\/en\\\/?s={search_term_string}\"},\"query-input\":{\"@type\":\"PropertyValueSpecification\",\"valueRequired\":true,\"valueName\":\"search_term_string\"}}],\"inLanguage\":\"en-US\"}]}<\/script>\n<!-- \/ Yoast SEO plugin. -->","yoast_head_json":{"title":"Terms of use | OnCubaNews English","robots":{"index":"index","follow":"follow","max-snippet":"max-snippet:-1","max-image-preview":"max-image-preview:large","max-video-preview":"max-video-preview:-1"},"canonical":"https:\/\/oncubanews.com\/en\/terms-of-use\/","og_locale":"en_US","og_type":"article","og_title":"Terms of use | OnCubaNews English","og_description":"T\u00c9RMINOS DE USO ONCUBA DERECHO DE PROPIEDAD OnCuba es la titular de los derechos sobre los t\u00edtulos, los contenidos, los datos , materiales , dise\u00f1o y estructura del Sitio, incluyendo, adem\u00e1s, derechos de autor, derechos de marca, derechos de patente, y cualquier otra propiedad intelectual. El uso del Sitio no le otorga al usuario, propiedad [&hellip;]","og_url":"https:\/\/oncubanews.com\/en\/terms-of-use\/","og_site_name":"OnCubaNews English","article_modified_time":"2018-10-01T23:32:02+00:00","twitter_card":"summary_large_image","twitter_misc":{"Est. reading time":"3 minutes"},"schema":{"@context":"https:\/\/schema.org","@graph":[{"@type":"WebPage","@id":"https:\/\/oncubanews.com\/en\/terms-of-use\/","url":"https:\/\/oncubanews.com\/en\/terms-of-use\/","name":"Terms of use | OnCubaNews English","isPartOf":{"@id":"https:\/\/oncubanews.com\/en\/#website"},"datePublished":"2018-03-05T09:03:00+00:00","dateModified":"2018-10-01T23:32:02+00:00","breadcrumb":{"@id":"https:\/\/oncubanews.com\/en\/terms-of-use\/#breadcrumb"},"inLanguage":"en-US","potentialAction":[{"@type":"ReadAction","target":["https:\/\/oncubanews.com\/en\/terms-of-use\/"]}]},{"@type":"BreadcrumbList","@id":"https:\/\/oncubanews.com\/en\/terms-of-use\/#breadcrumb","itemListElement":[{"@type":"ListItem","position":1,"name":"Portada","item":"https:\/\/oncubanews.com\/en\/"},{"@type":"ListItem","position":2,"name":"Terms of use"}]},{"@type":"WebSite","@id":"https:\/\/oncubanews.com\/en\/#website","url":"https:\/\/oncubanews.com\/en\/","name":"OnCubaNews English","description":"Revista sobre Cuba","potentialAction":[{"@type":"SearchAction","target":{"@type":"EntryPoint","urlTemplate":"https:\/\/oncubanews.com\/en\/?s={search_term_string}"},"query-input":{"@type":"PropertyValueSpecification","valueRequired":true,"valueName":"search_term_string"}}],"inLanguage":"en-US"}]}},"_links":{"self":[{"href":"https:\/\/oncubanews.com\/en\/wp-json\/wp\/v2\/pages\/110707","targetHints":{"allow":["GET"]}}],"collection":[{"href":"https:\/\/oncubanews.com\/en\/wp-json\/wp\/v2\/pages"}],"about":[{"href":"https:\/\/oncubanews.com\/en\/wp-json\/wp\/v2\/types\/page"}],"author":[{"embeddable":true,"href":"https:\/\/oncubanews.com\/en\/wp-json\/wp\/v2\/users\/3546"}],"replies":[{"embeddable":true,"href":"https:\/\/oncubanews.com\/en\/wp-json\/wp\/v2\/comments?post=110707"}],"version-history":[{"count":0,"href":"https:\/\/oncubanews.com\/en\/wp-json\/wp\/v2\/pages\/110707\/revisions"}],"wp:attachment":[{"href":"https:\/\/oncubanews.com\/en\/wp-json\/wp\/v2\/media?parent=110707"}],"curies":[{"name":"wp","href":"https:\/\/api.w.org\/{rel}","templated":true}]}}